{"id":2170,"date":"2026-04-30T08:56:50","date_gmt":"2026-04-30T08:56:50","guid":{"rendered":"https:\/\/veltiara.com\/altalanos-szerzodesi-feltetelek\/"},"modified":"2026-04-30T17:43:32","modified_gmt":"2026-04-30T17:43:32","slug":"altalanos-szerzodesi-feltetelek","status":"publish","type":"page","link":"https:\/\/veltiara.com\/hu\/altalanos-szerzodesi-feltetelek\/","title":{"rendered":"\u00c1ltal\u00e1nos Szerz\u0151d\u00e9si Felt\u00e9telek"},"content":{"rendered":"\n<h2 class=\"wp-block-heading\"> <strong>1. Szolg\u00e1ltat\u00f3 adatai<\/strong> <\/h2>\n\n<p>A jelen \u00c1ltal\u00e1nos Szerz\u0151d\u00e9si Felt\u00e9telek (a tov\u00e1bbiakban: \u00c1SZF) a <u>veltiara.com<\/u> weboldalon (a tov\u00e1bbiakban: Web\u00e1ruh\u00e1z) kereszt\u00fcl t\u00f6rt\u00e9n\u0151 online v\u00e1s\u00e1rl\u00e1sra vonatkoznak.<\/p>\n\n<p>Szolg\u00e1ltat\u00f3 (web\u00e1ruh\u00e1z \u00fczemeltet\u0151je):<br\/><strong>Shopzeus Eur\u00f3pa Sz\u00e1m\u00edt\u00e1stechnikai Szolg\u00e1ltat\u00f3 \u00e9s Kereskedelmi Korl\u00e1tolt Felel\u0151ss\u00e9g\u0171 T\u00e1rsas\u00e1g<\/strong><br\/>R\u00f6vid n\u00e9v: <strong>Shopzeus Eur\u00f3pa Kft.<\/strong><br\/>Regisztr\u00e1lt angol n\u00e9v: <strong>Shopzeus Europe Ltd.<\/strong><\/p>\n\n<p> Sz\u00e9khely: 3397 Makl\u00e1r, Vas\u00fat utca 37.<br\/>C\u00e9gjegyz\u00e9ksz\u00e1m: 10-09-028528, vezetve az Egri T\u00f6rv\u00e9nysz\u00e9k C\u00e9gb\u00edr\u00f3s\u00e1g\u00e1n.<br\/>Ad\u00f3sz\u00e1m: 14398931-1-10<br\/>K\u00f6z\u00f6ss\u00e9gi ad\u00f3sz\u00e1m: HU14398931<br\/>Banksz\u00e1mlasz\u00e1m: 10103513-35650000-01003001 (MBH Bank Nyrt.)<br\/>E-mail: <a href=\"mailto:info@shopzeus.com\">info@shopzeus.hu<\/a><br\/>Phone: +36 70 942 3174<\/p>\n\n<p>A Szolg\u00e1ltat\u00f3 f\u0151 tev\u00e9kenys\u00e9ge a Web\u00e1ruh\u00e1zban el\u00e9rhet\u0151 term\u00e9kek (pl. pr\u00e9mium min\u0151s\u00e9g\u0171 hajhosszabb\u00edt\u00e1si term\u00e9kek, kieg\u00e9sz\u00edt\u0151k) \u00e9rt\u00e9kes\u00edt\u00e9se.<\/p>\n\n<h2 class=\"wp-block-heading\"> <strong>2. Az \u00c1SZF hat\u00e1lya<\/strong> <\/h2>\n\n<p>Jelen \u00c1SZF a veltiara.com weboldalon kereszt\u00fcl t\u00f6rt\u00e9n\u0151 minden szerz\u0151d\u00e9sk\u00f6t\u00e9sre vonatkozik, amely a Fogyaszt\u00f3 \u00e9s a Szolg\u00e1ltat\u00f3 k\u00f6z\u00f6tt j\u00f6n l\u00e9tre.<br\/>A Web\u00e1ruh\u00e1z haszn\u00e1lat\u00e1val, k\u00fcl\u00f6n\u00f6sen a rendel\u00e9s lead\u00e1s\u00e1val a Felhaszn\u00e1l\u00f3 elfogadja jelen \u00c1SZF rendelkez\u00e9seit.<\/p>\n\n<h2 class=\"wp-block-heading\"> <strong>3. Rendel\u00e9s menete<\/strong> <\/h2>\n\n<ol class=\"wp-block-list\">\n<li>A Felhaszn\u00e1l\u00f3 a Web\u00e1ruh\u00e1zban kiv\u00e1lasztja a megv\u00e1s\u00e1rolni k\u00edv\u00e1nt term\u00e9ket\/term\u00e9keket, \u00e9s a \u201eKos\u00e1rba\u201d gombra kattint.<\/li>\n\n\n\n<li>A kos\u00e1r tartalma b\u00e1rmikor ellen\u0151rizhet\u0151, m\u00f3dos\u00edthat\u00f3 (mennyis\u00e9g v\u00e1ltoztat\u00e1sa, term\u00e9k t\u00f6rl\u00e9se).<\/li>\n\n\n\n<li>A rendel\u00e9s v\u00e9gleges\u00edt\u00e9s\u00e9hez a Felhaszn\u00e1l\u00f3nak meg kell adnia a sz\u00e1ml\u00e1z\u00e1si \u00e9s &#8211; ha elt\u00e9r &#8211; sz\u00e1ll\u00edt\u00e1si adatokat.<\/li>\n\n\n\n<li>A fizet\u00e9si m\u00f3d kiv\u00e1laszt\u00e1sa ut\u00e1n a Felhaszn\u00e1l\u00f3 kijelenti, hogy elolvasta \u00e9s elfogadta az \u00c1SZF-et \u00e9s az Adatkezel\u00e9si T\u00e1j\u00e9koztat\u00f3t (jel\u00f6l\u0151 n\u00e9gyzet).<\/li>\n\n\n\n<li>A \u201eMegrendel\u00e9s\u201d gombra kattint\u00e1ssal a Felhaszn\u00e1l\u00f3 fizet\u00e9si k\u00f6telezetts\u00e9ggel j\u00e1r\u00f3 megrendel\u00e9st ad le.<\/li>\n\n\n\n<li>A Szolg\u00e1ltat\u00f3 a megrendel\u00e9s be\u00e9rkez\u00e9s\u00e9t automatikus e-mailben visszaigazolja.<\/li>\n<\/ol>\n\n<h2 class=\"wp-block-heading\"> <strong>4. \u00c1rak, fizet\u00e9si m\u00f3dok<\/strong> <\/h2>\n\n<p>A Web\u00e1ruh\u00e1zban megjelen\u00edtett \u00e1rak brutt\u00f3, forintban (HUF) megadott v\u00e9tel\u00e1rak, amelyek tartalmazz\u00e1k az \u00e1ltal\u00e1nos forgalmi ad\u00f3t, azonban nem tartalmazz\u00e1k az esetleges sz\u00e1ll\u00edt\u00e1si d\u00edjat, mely k\u00fcl\u00f6n ker\u00fcl felt\u00fcntet\u00e9sre a rendel\u00e9si folyamat sor\u00e1n. <\/p>\n\n<p>El\u00e9rhet\u0151 fizet\u00e9si m\u00f3dok:<\/p>\n\n<ul class=\"wp-block-list\">\n<li><strong>Online bankk\u00e1rty\u00e1s fizet\u00e9s Barion rendszer\u00e9n kereszt\u00fcl<\/strong><\/li>\n<\/ul>\n\n<p><strong>Barion fizet\u00e9si m\u00f3d le\u00edr\u00e1sa:<\/strong><br\/>\u201eAz online bankk\u00e1rty\u00e1s \u00e9s egy\u00e9b fizet\u00e9si m\u00f3dok a Barion rendszer\u00e9n kereszt\u00fcl val\u00f3sulnak meg. A bankk\u00e1rtya, illetve egy\u00e9b fizet\u00e9ssel kapcsolatos adatok a keresked\u0151h\u00f6z nem jutnak el. A szolg\u00e1ltat\u00e1st ny\u00fajt\u00f3 Barion Payment Zrt. a Magyar Nemzeti Bank fel\u00fcgyelete alatt \u00e1ll\u00f3 int\u00e9zm\u00e9ny, enged\u00e9ly\u00e9nek sz\u00e1ma: H-EN-I-1064\/2013.&#8221;<\/p>\n\n<p>A bankk\u00e1rty\u00e1s fizet\u00e9st teh\u00e1t a Barion Payment Zrt. biztos\u00edtja.<\/p>\n\n<h2 class=\"wp-block-heading\"><a><\/a> <strong>5. Sz\u00e1ll\u00edt\u00e1s \/ teljes\u00edt\u00e9s<\/strong><\/h2>\n\n<p>A rendel\u00e9s teljes\u00edt\u00e9s\u00e9nek m\u00f3dja \u00e9s hat\u00e1rideje:<\/p>\n\n<p>\u2013 h\u00e1zhozsz\u00e1ll\u00edt\u00e1s fut\u00e1rszolg\u00e1lattal,<br\/>\u2013 vagy: a term\u00e9kek szem\u00e9lyes \u00e1tv\u00e9tele \/ szolg\u00e1ltat\u00e1s teljes\u00edt\u00e9se partner szalonban.<\/p>\n\n<p>\u00c1tlagos teljes\u00edt\u00e9si id\u0151:<\/p>\n\n<ul class=\"wp-block-list\">\n<li>A Szolg\u00e1ltat\u00f3 a megrendel\u00e9seket \u00e1ltal\u00e1ban <strong>2-4 munkanapon<\/strong> bel\u00fcl teljes\u00edti (kisz\u00e1ll\u00edt\u00e1s vagy szolg\u00e1ltat\u00e1sny\u00fajt\u00e1s).<\/li>\n\n\n\n<li>Ett\u0151l elt\u00e9r\u0151 teljes\u00edt\u00e9si hat\u00e1rid\u0151 eset\u00e9n a Szolg\u00e1ltat\u00f3 a rendel\u00e9s visszaigazol\u00e1s\u00e1ban t\u00e1j\u00e9koztat\u00e1st ad.<\/li>\n<\/ul>\n\n<h2 class=\"wp-block-heading\"><a><\/a> <strong>6. El\u00e1ll\u00e1si jog (EU 14\u2011napos szab\u00e1ly)<\/strong><\/h2>\n\n<p>A fogyaszt\u00f3nak min\u0151s\u00fcl\u0151 Felhaszn\u00e1l\u00f3t a vonatkoz\u00f3 jogszab\u00e1lyok alapj\u00e1n indokol\u00e1s n\u00e9lk\u00fcli el\u00e1ll\u00e1si jog illeti meg, amelyet a term\u00e9k \u00e1tv\u00e9tel\u00e9t\u0151l sz\u00e1m\u00edtott 14 napon bel\u00fcl gyakorolhat.<\/p>\n\n<ul class=\"wp-block-list\">\n<li>El\u00e1ll\u00e1s eset\u00e9n a Fogyaszt\u00f3 k\u00f6teles a term\u00e9ket saj\u00e1t k\u00f6lts\u00e9g\u00e9n visszak\u00fcldeni a Szolg\u00e1ltat\u00f3 sz\u00e9khely\u00e9re \/ \u00e1ltal megadott c\u00edmre.<\/li>\n\n\n\n<li>A Szolg\u00e1ltat\u00f3 az el\u00e1ll\u00e1s be\u00e9rkez\u00e9s\u00e9t\u0151l sz\u00e1m\u00edtott legk\u00e9s\u0151bb 14 napon bel\u00fcl visszat\u00e9r\u00edti a Fogyaszt\u00f3 \u00e1ltal megfizetett \u00f6sszeget (bele\u00e9rtve az eredeti sz\u00e1ll\u00edt\u00e1si d\u00edjat is, kiv\u00e9ve, ha a Fogyaszt\u00f3 a szok\u00e1sosn\u00e1l dr\u00e1g\u00e1bb sz\u00e1ll\u00edt\u00e1si m\u00f3dot v\u00e1lasztott).<\/li>\n<\/ul>\n\n<h2 class=\"wp-block-heading\"><a><\/a> <strong>7. Kell\u00e9kszavatoss\u00e1g, term\u00e9kszavatoss\u00e1g, j\u00f3t\u00e1ll\u00e1s<\/strong><\/h2>\n\n<p>A Szolg\u00e1ltat\u00f3 a Polg\u00e1ri T\u00f6rv\u00e9nyk\u00f6nyv szerinti kell\u00e9kszavatoss\u00e1g \u00e9s \u2013 ahol k\u00f6telez\u0151 vagy v\u00e1llalt \u2013 j\u00f3t\u00e1ll\u00e1s szab\u00e1lyai szerint felel a hib\u00e1s teljes\u00edt\u00e9s\u00e9rt.<\/p>\n\n<ul class=\"wp-block-list\">\n<li>A Fogyaszt\u00f3 hib\u00e1s teljes\u00edt\u00e9s eset\u00e9n els\u0151sorban kijav\u00edt\u00e1st vagy kicser\u00e9l\u00e9st k\u00e9rhet.<\/li>\n\n\n\n<li>Ha ezekre nincs lehet\u0151s\u00e9g vagy ar\u00e1nytalan t\u00f6bbletk\u00f6lts\u00e9ggel j\u00e1rn\u00e1nak, a Fogyaszt\u00f3 \u00e1rlesz\u00e1ll\u00edt\u00e1st k\u00e9rhet vagy el\u00e1llhat a szerz\u0151d\u00e9st\u0151l.<\/li>\n<\/ul>\n\n<h2 class=\"wp-block-heading\"><a><\/a> <strong>8. Panaszkezel\u00e9s, b\u00e9k\u00e9ltet\u0151 test\u00fclet<\/strong><\/h2>\n\n<p>A Fogyaszt\u00f3 panasz\u00e1t az al\u00e1bbi el\u00e9rhet\u0151s\u00e9geken terjesztheti el\u0151:<br\/>E-mail: <a href=\"mailto:info@shopzeus.com\">info@shopzeus.hu<\/a><br\/>Postac\u00edm: <strong>3397 Makl\u00e1r, Vas\u00fat utca 37.<\/strong><\/p>\n\n<p>Amennyiben a Fogyaszt\u00f3 a panasz kezel\u00e9s\u00e9vel nem \u00e9rt egyet, jogosult a lak\u00f3helye\/sz\u00e9khelye szerinti illet\u00e9kes b\u00e9k\u00e9ltet\u0151 test\u00fclethez fordulni.<\/p>\n\n<p><strong>Heves V\u00e1rmegyei B\u00e9k\u00e9ltet\u0151 Test\u00fclet:<\/strong><\/p>\n\n<p>C\u00edm: 3300 Eger, Hadnagy utca 6. f\u00f6ldszint<br\/>Postai c\u00edm: 3301 Eger, Pf. 440<br\/>Telefon: +36 (36) 416-660 \/ 105. mell\u00e9k<br\/>E-mail: bekelteto@hbkik.hu   <\/p>\n\n<h2 class=\"wp-block-heading\"><a><\/a> <strong>9. Felel\u0151ss\u00e9gkorl\u00e1toz\u00e1s<\/strong><\/h2>\n\n<p>A Web\u00e1ruh\u00e1z haszn\u00e1lata sor\u00e1n a Felhaszn\u00e1l\u00f3 k\u00f6teles a saj\u00e1t eszk\u00f6zeinek \u00e9s adatainak v\u00e9delm\u00e9r\u0151l gondoskodni.<br\/>A Szolg\u00e1ltat\u00f3 nem v\u00e1llal felel\u0151ss\u00e9get az olyan, rajta k\u00edv\u00fcl \u00e1ll\u00f3 okok miatti k\u00e1rok\u00e9rt, mint p\u00e9ld\u00e1ul:<\/p>\n\n<ul class=\"wp-block-list\">\n<li>a Web\u00e1ruh\u00e1z el\u00e9rhetetlens\u00e9ge rendszerkarbantart\u00e1s alatt,<\/li>\n\n\n\n<li>harmadik f\u00e9l \u00e1ltal okozott h\u00e1l\u00f3zati vagy technikai hiba.<\/li>\n<\/ul>\n\n<h2 class=\"wp-block-heading\"><a><\/a> <strong>10. Adatkezel\u00e9s<\/strong><\/h2>\n\n<p>A Szolg\u00e1ltat\u00f3 a Fogyaszt\u00f3k szem\u00e9lyes adatait a mindenkor hat\u00e1lyos adatv\u00e9delmi jogszab\u00e1lyoknak megfelel\u0151en kezeli.<br\/>Az adatkezel\u00e9s r\u00e9szletes szab\u00e1lyait a Web\u00e1ruh\u00e1zon el\u00e9rhet\u0151 Adatkezel\u00e9si T\u00e1j\u00e9koztat\u00f3 tartalmazza.<\/p>\n\n<h2 class=\"wp-block-heading\"><a><\/a> <strong>11. Z\u00e1r\u00f3 rendelkez\u00e9sek<\/strong><\/h2>\n\n<p>Jelen \u00c1SZF-ben nem szab\u00e1lyozott k\u00e9rd\u00e9sekben a mindenkor hat\u00e1lyos magyar jogszab\u00e1lyok, k\u00fcl\u00f6n\u00f6sen:<\/p>\n\n<ul class=\"wp-block-list\">\n<li>a Polg\u00e1ri T\u00f6rv\u00e9nyk\u00f6nyv (Ptk.),<\/li>\n\n\n\n<li>az e-kereskedelmi t\u00f6rv\u00e9ny,<\/li>\n\n\n\n<li>a fogyaszt\u00f3v\u00e9delmi jogszab\u00e1lyok rendelkez\u00e9sei ir\u00e1nyad\u00f3k.<\/li>\n<\/ul>\n\n<p>A Szolg\u00e1ltat\u00f3 jogosult jelen \u00c1SZF-et egyoldal\u00faan m\u00f3dos\u00edtani. A m\u00f3dos\u00edt\u00e1sok a Web\u00e1ruh\u00e1zban t\u00f6rt\u00e9n\u0151 k\u00f6zz\u00e9t\u00e9telt\u0151l hat\u00e1lyosak, a m\u00f3dos\u00edt\u00e1s a m\u00e1r megk\u00f6t\u00f6tt szerz\u0151d\u00e9seket nem \u00e9rinti. <\/p>\n","protected":false},"excerpt":{"rendered":"<p>1. Szolg\u00e1ltat\u00f3 adatai A jelen \u00c1ltal\u00e1nos Szerz\u0151d\u00e9si Felt\u00e9telek (a tov\u00e1bbiakban: \u00c1SZF) a veltiara.com weboldalon (a tov\u00e1bbiakban: Web\u00e1ruh\u00e1z) kereszt\u00fcl t\u00f6rt\u00e9n\u0151 online v\u00e1s\u00e1rl\u00e1sra vonatkoznak. Szolg\u00e1ltat\u00f3 (web\u00e1ruh\u00e1z \u00fczemeltet\u0151je):Shopzeus Eur\u00f3pa Sz\u00e1m\u00edt\u00e1stechnikai Szolg\u00e1ltat\u00f3 \u00e9s Kereskedelmi Korl\u00e1tolt Felel\u0151ss\u00e9g\u0171 T\u00e1rsas\u00e1gR\u00f6vid n\u00e9v: Shopzeus Eur\u00f3pa Kft.Regisztr\u00e1lt angol n\u00e9v: Shopzeus Europe Ltd. Sz\u00e9khely: 3397 Makl\u00e1r, Vas\u00fat utca 37.C\u00e9gjegyz\u00e9ksz\u00e1m: 10-09-028528, vezetve az Egri T\u00f6rv\u00e9nysz\u00e9k C\u00e9gb\u00edr\u00f3s\u00e1g\u00e1n.Ad\u00f3sz\u00e1m: 14398931-1-10K\u00f6z\u00f6ss\u00e9gi&#8230;<\/p>\n","protected":false},"author":1,"featured_media":0,"parent":0,"menu_order":0,"comment_status":"closed","ping_status":"closed","template":"","meta":{"_kad_post_transparent":"","_kad_post_title":"","_kad_post_layout":"","_kad_post_sidebar_id":"","_kad_post_content_style":"","_kad_post_vertical_padding":"","_kad_post_feature":"","_kad_post_feature_position":"","_kad_post_header":false,"_kad_post_footer":false,"_kad_post_classname":"","footnotes":""},"class_list":["post-2170","page","type-page","status-publish","hentry"],"_links":{"self":[{"href":"https:\/\/veltiara.com\/hu\/wp-json\/wp\/v2\/pages\/2170","targetHints":{"allow":["GET"]}}],"collection":[{"href":"https:\/\/veltiara.com\/hu\/wp-json\/wp\/v2\/pages"}],"about":[{"href":"https:\/\/veltiara.com\/hu\/wp-json\/wp\/v2\/types\/page"}],"author":[{"embeddable":true,"href":"https:\/\/veltiara.com\/hu\/wp-json\/wp\/v2\/users\/1"}],"replies":[{"embeddable":true,"href":"https:\/\/veltiara.com\/hu\/wp-json\/wp\/v2\/comments?post=2170"}],"version-history":[{"count":13,"href":"https:\/\/veltiara.com\/hu\/wp-json\/wp\/v2\/pages\/2170\/revisions"}],"predecessor-version":[{"id":2230,"href":"https:\/\/veltiara.com\/hu\/wp-json\/wp\/v2\/pages\/2170\/revisions\/2230"}],"wp:attachment":[{"href":"https:\/\/veltiara.com\/hu\/wp-json\/wp\/v2\/media?parent=2170"}],"curies":[{"name":"wp","href":"https:\/\/api.w.org\/{rel}","templated":true}]}}