{"id":2180,"date":"2026-04-30T13:45:35","date_gmt":"2026-04-30T13:45:35","guid":{"rendered":"https:\/\/veltiara.com\/adatkezelesi-tajekoztato\/"},"modified":"2026-04-30T17:41:28","modified_gmt":"2026-04-30T17:41:28","slug":"adatkezelesi-tajekoztato","status":"publish","type":"page","link":"https:\/\/veltiara.com\/hu\/adatkezelesi-tajekoztato\/","title":{"rendered":"Adatkezel\u00e9si t\u00e1j\u00e9koztat\u00f3"},"content":{"rendered":"\n<h2 class=\"wp-block-heading\" id=\"1-who-we-are\">1. Kik vagyunk<\/h2>\n\n<p>Jelen Adatkezel\u00e9si t\u00e1j\u00e9koztat\u00f3 bemutatja, hogy a veltiara.hu weboldal \u00e9s az ahhoz kapcsol\u00f3d\u00f3 online szolg\u00e1ltat\u00e1sok (a tov\u00e1bbiakban egy\u00fctt: \u201eWeboldal\u201d vagy \u201eWeb\u00e1ruh\u00e1z\u201d) haszn\u00e1lata sor\u00e1n milyen szem\u00e9lyes adatokat gy\u0171jt\u00fcnk, hogyan haszn\u00e1ljuk, t\u00e1roljuk \u00e9s v\u00e9dj\u00fck azokat.<\/p>\n\n<p>Adatkezel\u0151 \/ a weboldal \u00fczemeltet\u0151je:<br\/>Shopzeus Eur\u00f3pa Sz\u00e1m\u00edt\u00e1stechnikai Szolg\u00e1ltat\u00f3 \u00e9s Kereskedelmi Korl\u00e1tolt Felel\u0151ss\u00e9g\u0171 T\u00e1rsas\u00e1g<br\/>R\u00f6vid n\u00e9v: Shopzeus Eur\u00f3pa Kft.<br\/>Sz\u00e9khely: 3397 Makl\u00e1r, Vas\u00fat utca 37.<a href=\"https:\/\/ppl-ai-file-upload.s3.amazonaws.com\/web\/direct-files\/attachments\/161651303\/83ef890c-46d5-48ab-93c4-360c674f9b02\/cegkivonat.pdf\" target=\"_blank\" rel=\"noreferrer noopener\"><\/a><br\/>C\u00e9gjegyz\u00e9ksz\u00e1m: 10-09-028528<a href=\"https:\/\/ppl-ai-file-upload.s3.amazonaws.com\/web\/direct-files\/attachments\/161651303\/83ef890c-46d5-48ab-93c4-360c674f9b02\/cegkivonat.pdf\" target=\"_blank\" rel=\"noreferrer noopener\"><\/a><br\/>Ad\u00f3sz\u00e1m: 14398931-1-10<a href=\"https:\/\/ppl-ai-file-upload.s3.amazonaws.com\/web\/direct-files\/attachments\/161651303\/83ef890c-46d5-48ab-93c4-360c674f9b02\/cegkivonat.pdf\" target=\"_blank\" rel=\"noreferrer noopener\"><\/a><br\/>K\u00f6z\u00f6ss\u00e9gi ad\u00f3sz\u00e1m: HU14398931<a href=\"https:\/\/ppl-ai-file-upload.s3.amazonaws.com\/web\/direct-files\/attachments\/161651303\/83ef890c-46d5-48ab-93c4-360c674f9b02\/cegkivonat.pdf\" target=\"_blank\" rel=\"noreferrer noopener\"><\/a><br\/>E-mail: <strong>info@shopzeus.hu<\/strong><br\/>Telefon: <strong>+36 70 942 3174<\/strong><\/p>\n\n<p>Az alkalmazand\u00f3 adatv\u00e9delmi jogszab\u00e1lyok \u00e9rtelm\u00e9ben a Weboldalon kereszt\u00fcl kezelt szem\u00e9lyes adatok tekintet\u00e9ben a Szolg\u00e1ltat\u00f3 min\u0151s\u00fcl adatkezel\u0151nek, kiv\u00e9ve, ahol a jelen t\u00e1j\u00e9koztat\u00f3 kifejezetten harmadik f\u00e9l szolg\u00e1ltat\u00f3 elt\u00e9r\u0151 szerep\u00e9t jel\u00f6li.<\/p>\n\n<h2 class=\"wp-block-heading\" id=\"2-what-personal-data-are-collected\">2. Milyen szem\u00e9lyes adatokat gy\u0171jt\u00fcnk<\/h2>\n\n<p>A Weboldal haszn\u00e1lat\u00e1nak m\u00f3dj\u00e1t\u00f3l f\u00fcgg\u0151en az al\u00e1bbi szem\u00e9lyes adatkateg\u00f3ri\u00e1kat gy\u0171jthetj\u00fck:<\/p>\n\n<ul class=\"wp-block-list\">\n<li>azonos\u00edt\u00e1si \u00e9s kapcsolattart\u00e1si adatok, p\u00e9ld\u00e1ul n\u00e9v, sz\u00e1ml\u00e1z\u00e1si n\u00e9v, sz\u00e1ll\u00edt\u00e1si n\u00e9v, e-mail c\u00edm, telefonsz\u00e1m, sz\u00e1ml\u00e1z\u00e1si c\u00edm \u00e9s sz\u00e1ll\u00edt\u00e1si c\u00edm,<\/li>\n\n\n\n<li>rendel\u00e9si \u00e9s tranzakci\u00f3s adatok, p\u00e9ld\u00e1ul a megrendelt term\u00e9kek, rendel\u00e9si azonos\u00edt\u00f3, fizet\u00e9si st\u00e1tusz, tranzakci\u00f3azonos\u00edt\u00f3, rendel\u00e9si \u00e9rt\u00e9k \u00e9s rendel\u00e9si id\u0151pont,<\/li>\n\n\n\n<li>technikai \u00e9s haszn\u00e1lati adatok, p\u00e9ld\u00e1ul IP-c\u00edm, b\u00f6ng\u00e9sz\u0151 t\u00edpusa, eszk\u00f6zinform\u00e1ci\u00f3k, nyelvi be\u00e1ll\u00edt\u00e1s, megl\u00e1togatott oldalak \u00e9s a Weboldalon v\u00e9gzett m\u0171veletek,<\/li>\n\n\n\n<li>kommunik\u00e1ci\u00f3s adatok, p\u00e9ld\u00e1ul kapcsolatfelv\u00e9teli \u0171rlapon, id\u0151pontk\u00e9r\u0151 \u0171rlapon vagy e-mailben k\u00fcld\u00f6tt \u00fczenetek,<\/li>\n\n\n\n<li>fi\u00f3khoz kapcsol\u00f3d\u00f3 adatok, amennyiben a felhaszn\u00e1l\u00f3 vev\u0151i fi\u00f3kot hoz l\u00e9tre, p\u00e9ld\u00e1ul bejelentkez\u00e9si adatok \u00e9s profilinform\u00e1ci\u00f3k.<\/li>\n<\/ul>\n\n<p>Bankk\u00e1rtya-adatokat \u00e9s egy\u00e9b fizet\u00e9si hiteles\u00edt\u0151 adatokat a Weboldal \u00fczemeltet\u0151je nem kezel k\u00f6zvetlen\u00fcl, ha az online fizet\u00e9s Barionon kereszt\u00fcl t\u00f6rt\u00e9nik; ezeket az adatokat a fizet\u00e9si szolg\u00e1ltat\u00f3 kezeli. <a rel=\"noreferrer noopener\" target=\"_blank\" href=\"https:\/\/www.barion.com\/hu\/ugyfelszolgalat\/elfogadohely\/elfogadohely-letrehozasa-es-kezelese\/miert-szukseges-megfelelo-aszfvasarlasi-feltetel-az-elfogadohely-jovahagyasahoz\/\"><\/a><\/p>\n\n<h2 class=\"wp-block-heading\" id=\"3-purposes-of-processing\">3. Az adatkezel\u00e9s c\u00e9ljai<\/h2>\n\n<p>A szem\u00e9lyes adatokat az al\u00e1bbi c\u00e9lokb\u00f3l kezelhetj\u00fck:<\/p>\n\n<ul class=\"wp-block-list\">\n<li>a Weboldal m\u0171k\u00f6dtet\u00e9se \u00e9s funkci\u00f3inak biztos\u00edt\u00e1sa,<\/li>\n\n\n\n<li>rendel\u00e9sek feldolgoz\u00e1sa \u00e9s teljes\u00edt\u00e9se,<\/li>\n\n\n\n<li>sz\u00e1ml\u00e1z\u00e1s \u00e9s a sz\u00e1mviteli, ad\u00f3z\u00e1si k\u00f6telezetts\u00e9gek teljes\u00edt\u00e9se,<\/li>\n\n\n\n<li>kommunik\u00e1ci\u00f3 az \u00fcgyfelekkel a rendel\u00e9sek, szolg\u00e1ltat\u00e1sok vagy megkeres\u00e9sek kapcs\u00e1n,<\/li>\n\n\n\n<li>a Weboldal fejleszt\u00e9se, haszn\u00e1lhat\u00f3s\u00e1g\u00e1nak \u00e9s biztons\u00e1g\u00e1nak jav\u00edt\u00e1sa,<\/li>\n\n\n\n<li>csal\u00e1smegel\u0151z\u00e9s \u00e9s tranzakci\u00f3biztons\u00e1g,<\/li>\n\n\n\n<li>jogszab\u00e1lyi k\u00f6telezetts\u00e9gek teljes\u00edt\u00e9se,<\/li>\n\n\n\n<li>panaszkezel\u00e9s \u00e9s sz\u00fcks\u00e9g eset\u00e9n jogi ig\u00e9nyek \u00e9rv\u00e9nyes\u00edt\u00e9se.<\/li>\n<\/ul>\n\n<p>Az adatkezel\u00e9s jogalapja lehet szerz\u0151d\u00e9s teljes\u00edt\u00e9se, jogi k\u00f6telezetts\u00e9g teljes\u00edt\u00e9se, a Szolg\u00e1ltat\u00f3 jogos \u00e9rdeke, illetve ahol sz\u00fcks\u00e9ges, az \u00e9rintett hozz\u00e1j\u00e1rul\u00e1sa.<\/p>\n\n<h2 class=\"wp-block-heading\" id=\"4-orders-and-purchases\">4. Rendel\u00e9sek \u00e9s v\u00e1s\u00e1rl\u00e1sok<\/h2>\n\n<p>Amikor a v\u00e1s\u00e1rl\u00f3 megrendel\u00e9st ad le a Web\u00e1ruh\u00e1zban, a rendel\u00e9s feldolgoz\u00e1s\u00e1hoz \u00e9s teljes\u00edt\u00e9s\u00e9hez sz\u00fcks\u00e9ges szem\u00e9lyes adatokat kezelj\u00fck. Ide tartozhat k\u00fcl\u00f6n\u00f6sen a v\u00e1s\u00e1rl\u00f3 neve, sz\u00e1ml\u00e1z\u00e1si adatai, sz\u00e1ll\u00edt\u00e1si adatai, e-mail c\u00edme, telefonsz\u00e1ma, a megrendelt t\u00e9telek, a rendel\u00e9s \u00f6sszege \u00e9s a rendel\u00e9si el\u0151zm\u00e9nyek. <\/p>\n\n<p>Ezeket az adatokat az al\u00e1bbi c\u00e9lokb\u00f3l kezelj\u00fck:<\/p>\n\n<ul class=\"wp-block-list\">\n<li>a rendel\u00e9s fogad\u00e1sa \u00e9s kezel\u00e9se,<\/li>\n\n\n\n<li>a term\u00e9kek kisz\u00e1ll\u00edt\u00e1sa vagy a megv\u00e1s\u00e1rolt szolg\u00e1ltat\u00e1s teljes\u00edt\u00e9s\u00e9nek megszervez\u00e9se,<\/li>\n\n\n\n<li>sz\u00e1mla ki\u00e1ll\u00edt\u00e1sa,<\/li>\n\n\n\n<li>\u00fcgyf\u00e9lszolg\u00e1lati t\u00e1mogat\u00e1s biztos\u00edt\u00e1sa,<\/li>\n\n\n\n<li>sz\u00e1mviteli, ad\u00f3z\u00e1si \u00e9s fogyaszt\u00f3v\u00e9delmi k\u00f6telezetts\u00e9gek teljes\u00edt\u00e9se.<\/li>\n<\/ul>\n\n<p>A rendel\u00e9shez kapcsol\u00f3d\u00f3 adatokat a vonatkoz\u00f3 sz\u00e1mviteli, ad\u00f3z\u00e1si \u00e9s polg\u00e1ri jogi szab\u00e1lyok \u00e1ltal el\u0151\u00edrt ideig \u0151rizhetj\u00fck meg.<\/p>\n\n<h2 class=\"wp-block-heading\" id=\"5-online-payments-via-barion\">5. Online fizet\u00e9s Barionon kereszt\u00fcl<\/h2>\n\n<p>A Web\u00e1ruh\u00e1zban az online bankk\u00e1rty\u00e1s fizet\u00e9st \u00e9s egyes egy\u00e9b fizet\u00e9si m\u00f3dokat a Barion Payment Zrt. \u00f6n\u00e1ll\u00f3 fizet\u00e9si szolg\u00e1ltat\u00f3k\u00e9nt biztos\u00edtja. Amennyiben a v\u00e1s\u00e1rl\u00f3 az online fizet\u00e9st v\u00e1lasztja, a bankk\u00e1rtya-adatai \u00e9s egy\u00e9b fizet\u00e9si hiteles\u00edt\u0151 adatai nem jutnak el a Weboldal \u00fczemeltet\u0151j\u00e9hez, \u00e9s azokhoz a Weboldal \u00fczemeltet\u0151je nem f\u00e9r hozz\u00e1; az adatokat kiz\u00e1r\u00f3lag a Barion kezeli biztons\u00e1gos rendszereiben. <\/p>\n\n<p>A Weboldal \u00fczemeltet\u0151je kiz\u00e1r\u00f3lag a tranzakci\u00f3 technikai eredm\u00e9ny\u00e9t \u00e9s kapcsol\u00f3d\u00f3 metaadatait kapja meg, p\u00e9ld\u00e1ul azt, hogy a fizet\u00e9s sikeres volt-e, a tranzakci\u00f3 azonos\u00edt\u00f3j\u00e1t, \u00f6sszeg\u00e9t \u00e9s id\u0151pontj\u00e1t.<a rel=\"noreferrer noopener\" target=\"_blank\" href=\"https:\/\/www.barion.com\/hu\/ugyfelszolgalat\/elfogadohely\/elfogadohely-letrehozasa-es-kezelese\/miert-szukseges-megfelelo-aszfvasarlasi-feltetel-az-elfogadohely-jovahagyasahoz\/\"><\/a><\/p>\n\n<p>Barion Payment Zrt.<br\/>Sz\u00e9khely: H-1117 Budapest, Infopark s\u00e9t\u00e1ny 1.<br\/>Fel\u00fcgyeleti hat\u00f3s\u00e1g: Central Bank of Hungary (Magyar Nemzeti Bank)<br\/>Enged\u00e9ly sz\u00e1ma: H-EN-I-1064\/2013.<\/p>\n\n<p>A Barion saj\u00e1t adatkezel\u00e9s\u00e9vel kapcsolatban a felhaszn\u00e1l\u00f3knak javasolt a Barion adatkezel\u00e9si t\u00e1j\u00e9koztat\u00f3j\u00e1t \u00e9s jogi dokumentumait is \u00e1ttekinteni.<\/p>\n\n<h2 class=\"wp-block-heading\" id=\"6-barion-base-pixel\">6. Barion Base Pixel<\/h2>\n\n<p>A Weboldal a Barion Pixel alap (Base) verzi\u00f3j\u00e1t haszn\u00e1lja, amely a Barion \u00e1ltal biztos\u00edtott, a Web\u00e1ruh\u00e1zba integr\u00e1lt k\u00f6vet\u0151k\u00f3d. Ennek c\u00e9lja az online fizet\u00e9sekhez kapcsol\u00f3d\u00f3 csal\u00e1smegel\u0151z\u00e9s, a fizet\u00e9si tranzakci\u00f3k biztons\u00e1g\u00e1nak n\u00f6vel\u00e9se, valamint \u00f6sszes\u00edtett analitikai inform\u00e1ci\u00f3k el\u0151\u00e1ll\u00edt\u00e1sa. <\/p>\n\n<p>A Barion Pixel technikai \u00e9s viselked\u00e9si jelleg\u0171 adatokat gy\u0171jthet, p\u00e9ld\u00e1ul IP-c\u00edmet, b\u00f6ng\u00e9sz\u0151-t\u00edpust, eszk\u00f6zinform\u00e1ci\u00f3kat, megl\u00e1togatott oldalakat, megtekintett term\u00e9keket \u00e9s bizonyos felhaszn\u00e1l\u00f3i interakci\u00f3kat. Ezeket az adatokat a Barion Payment Zrt. \u00f6n\u00e1ll\u00f3 adatkezel\u0151k\u00e9nt kezeli a saj\u00e1t adatkezel\u00e9si szab\u00e1lyai szerint. <\/p>\n\n<p>A Weboldal \u00fczemeltet\u0151je legfeljebb \u00f6sszes\u00edtett statisztik\u00e1khoz \u00e9s kock\u00e1zat\u00e9rt\u00e9kel\u00e9si inform\u00e1ci\u00f3khoz f\u00e9r hozz\u00e1, a Pixel \u00e1ltal kezelt teljes nyers k\u00f6vet\u00e9si adatokhoz k\u00f6zvetlen hozz\u00e1f\u00e9r\u00e9se nincs. Az adatkezel\u00e9s jogalapja a biztons\u00e1gos online fizet\u00e9s fenntart\u00e1s\u00e1hoz \u00e9s a csal\u00e1sok megel\u0151z\u00e9s\u00e9hez f\u0171z\u0151d\u0151 jogos \u00e9rdek, valamint ahol ezt a jogszab\u00e1lyok el\u0151\u00edrj\u00e1k, a felhaszn\u00e1l\u00f3 hozz\u00e1j\u00e1rul\u00e1sa a Weboldal s\u00fctikezel\u0151 vagy hozz\u00e1j\u00e1rul\u00e1skezel\u0151 be\u00e1ll\u00edt\u00e1sain kereszt\u00fcl. <\/p>\n\n<h2 class=\"wp-block-heading\" id=\"7-contact-forms-and-communication\">7. Kapcsolatfelv\u00e9teli \u0171rlapok \u00e9s kommunik\u00e1ci\u00f3<\/h2>\n\n<p>Ha a l\u00e1togat\u00f3 e-mailben, kapcsolatfelv\u00e9teli \u0171rlapon vagy id\u0151pontk\u00e9r\u0151 \u0171rlapon kereszt\u00fcl l\u00e9p kapcsolatba a Weboldal \u00fczemeltet\u0151j\u00e9vel, az \u00e1ltala megadott adatokat a megkeres\u00e9s megv\u00e1laszol\u00e1sa, a k\u00e9r\u00e9s kezel\u00e9se \u00e9s a kommunik\u00e1ci\u00f3 nyilv\u00e1ntart\u00e1sa c\u00e9lj\u00e1b\u00f3l kezelhetj\u00fck.<\/p>\n\n<p>Ilyen adatok lehetnek k\u00fcl\u00f6n\u00f6sen:<\/p>\n\n<ul class=\"wp-block-list\">\n<li>n\u00e9v,<\/li>\n\n\n\n<li>e-mail c\u00edm,<\/li>\n\n\n\n<li>telefonsz\u00e1m,<\/li>\n\n\n\n<li>v\u00e1rosra vagy helysz\u00ednre vonatkoz\u00f3 inform\u00e1ci\u00f3,<\/li>\n\n\n\n<li>szabad sz\u00f6veges \u00fczenet tartalma,<\/li>\n\n\n\n<li>minden egy\u00e9b adat, amelyet a felhaszn\u00e1l\u00f3 \u00f6nk\u00e9ntesen megad.<\/li>\n<\/ul>\n\n<p>Ezeket az adatokat kiz\u00e1r\u00f3lag kommunik\u00e1ci\u00f3s, \u00fcgyf\u00e9lszolg\u00e1lati, \u00e9rdekl\u0151d\u0151-kezel\u00e9si \u00e9s kapcsol\u00f3d\u00f3 adminisztr\u00e1ci\u00f3s c\u00e9lokb\u00f3l kezelj\u00fck.<\/p>\n\n<h2 class=\"wp-block-heading\" id=\"8-cookies-and-similar-technologies\">8. S\u00fctik \u00e9s hasonl\u00f3 technol\u00f3gi\u00e1k<\/h2>\n\n<p>A Weboldal olyan s\u00fctiket \u00e9s hasonl\u00f3 technol\u00f3gi\u00e1kat haszn\u00e1lhat, amelyek sz\u00fcks\u00e9gesek a m\u0171k\u00f6d\u00e9shez, a biztons\u00e1ghoz, a nyelvkezel\u00e9shez, a munkamenet-kezel\u00e9shez, a kos\u00e1r \u00e9s a checkout funkci\u00f3k m\u0171k\u00f6d\u00e9s\u00e9hez, valamint \u2013 adott esetben \u2013 analitikai vagy hozz\u00e1j\u00e1rul\u00e1s-kezel\u00e9si c\u00e9lokra.<\/p>\n\n<p>Ezek k\u00f6z\u00e9 tartozhatnak k\u00fcl\u00f6n\u00f6sen:<\/p>\n\n<ul class=\"wp-block-list\">\n<li>a WordPress, a WooCommerce \u00e9s a bejelentkez\u00e9si \/ munkamenet-kezel\u00e9si funkci\u00f3k m\u0171k\u00f6d\u00e9s\u00e9hez sz\u00fcks\u00e9ges alap s\u00fctik,<\/li>\n\n\n\n<li>a WPML vagy m\u00e1s t\u00f6bbnyelv\u0171 b\u0151v\u00edtm\u00e9ny \u00e1ltal haszn\u00e1lt nyelvi s\u00fctik,<\/li>\n\n\n\n<li>a WooCommerce kos\u00e1r- \u00e9s checkout-funkci\u00f3ihoz sz\u00fcks\u00e9ges s\u00fctik,<\/li>\n\n\n\n<li>a Barion \u00e1ltal alkalmazott fizet\u00e9si \u00e9s biztons\u00e1gi c\u00e9l\u00fa s\u00fctik vagy k\u00f6vet\u00e9si technol\u00f3gi\u00e1k,<\/li>\n\n\n\n<li>a felhaszn\u00e1l\u00f3 adatv\u00e9delmi vagy s\u00fctibe\u00e1ll\u00edt\u00e1sait t\u00e1rol\u00f3 hozz\u00e1j\u00e1rul\u00e1si s\u00fctik.<\/li>\n<\/ul>\n\n<p>Ahol azt jogszab\u00e1ly el\u0151\u00edrja, a nem felt\u00e9tlen\u00fcl sz\u00fcks\u00e9ges s\u00fctik vagy hasonl\u00f3 technol\u00f3gi\u00e1k csak a felhaszn\u00e1l\u00f3 megfelel\u0151 hozz\u00e1j\u00e1rul\u00e1sa ut\u00e1n aktiv\u00e1l\u00f3dnak.<\/p>\n\n<h2 class=\"wp-block-heading\" id=\"9-data-sharing-and-processors\">9. Adatmegoszt\u00e1s \u00e9s adatfeldolgoz\u00f3k<\/h2>\n\n<p>A szem\u00e9lyes adatokat kiz\u00e1r\u00f3lag a Weboldal m\u0171k\u00f6dtet\u00e9s\u00e9hez \u00e9s a rendel\u00e9sek teljes\u00edt\u00e9s\u00e9hez sz\u00fcks\u00e9ges m\u00e9rt\u00e9kben oszthatjuk meg kiv\u00e1lasztott harmadik felekkel, p\u00e9ld\u00e1ul:<\/p>\n\n<ul class=\"wp-block-list\">\n<li>fizet\u00e9si szolg\u00e1ltat\u00f3kkal, k\u00fcl\u00f6n\u00f6sen a Barion Payment Zrt.-vel,<a href=\"https:\/\/www.barion.com\/hu\/ugyfelszolgalat\/elfogadohely\/elfogadohely-letrehozasa-es-kezelese\/miert-szukseges-megfelelo-aszfvasarlasi-feltetel-az-elfogadohely-jovahagyasahoz\/\" target=\"_blank\" rel=\"noreferrer noopener\"><\/a><\/li>\n\n\n\n<li>sz\u00e1ml\u00e1z\u00e1si \u00e9s k\u00f6nyvel\u00e9si szolg\u00e1ltat\u00f3kkal,<\/li>\n\n\n\n<li>t\u00e1rhely- \u00e9s infrastrukt\u00fara-szolg\u00e1ltat\u00f3kkal,<\/li>\n\n\n\n<li>e-mail k\u00e9zbes\u00edt\u00e9si szolg\u00e1ltat\u00f3kkal,<\/li>\n\n\n\n<li>fut\u00e1r- vagy logisztikai partnerekkel,<\/li>\n\n\n\n<li>technikai t\u00e1mogat\u00e1st, karbantart\u00e1st vagy biztons\u00e1gi szolg\u00e1ltat\u00e1st ny\u00fajt\u00f3 partnerekkel,<\/li>\n\n\n\n<li>jogi, ad\u00f3z\u00e1si vagy hat\u00f3s\u00e1gi szervekkel, ha ezt jogszab\u00e1ly el\u0151\u00edrja.<\/li>\n<\/ul>\n\n<p>E harmadik felek a szem\u00e9lyes adatokat vagy \u00f6n\u00e1ll\u00f3 adatkezel\u0151k\u00e9nt, vagy a Weboldal \u00fczemeltet\u0151je nev\u00e9ben elj\u00e1r\u00f3 adatfeldolgoz\u00f3k\u00e9nt kezelik, att\u00f3l f\u00fcgg\u0151en, hogy az adott szolg\u00e1ltat\u00e1s milyen jelleg\u0171.<\/p>\n\n<h2 class=\"wp-block-heading\" id=\"10-data-retention\">10. Adatmeg\u0151rz\u00e9s<\/h2>\n\n<p>A szem\u00e9lyes adatokat csak addig \u0151rizz\u00fck meg, ameddig az adott adatkezel\u00e9si c\u00e9l megval\u00f3s\u00edt\u00e1s\u00e1hoz sz\u00fcks\u00e9ges, vagy ameddig azt a vonatkoz\u00f3 jogszab\u00e1lyok el\u0151\u00edrj\u00e1k.<\/p>\n\n<p>K\u00fcl\u00f6n\u00f6sen:<\/p>\n\n<ul class=\"wp-block-list\">\n<li>a rendel\u00e9si, sz\u00e1ml\u00e1z\u00e1si \u00e9s sz\u00e1mviteli adatokat az ad\u00f3z\u00e1si \u00e9s sz\u00e1mviteli jogszab\u00e1lyok \u00e1ltal meghat\u00e1rozott meg\u0151rz\u00e9si ideig \u0151rizhetj\u00fck meg,<\/li>\n\n\n\n<li>a kommunik\u00e1ci\u00f3s adatokat addig \u0151rizhetj\u00fck meg, ameddig az a megkeres\u00e9sek kezel\u00e9s\u00e9hez vagy jogi ig\u00e9nyek v\u00e9delm\u00e9hez \u00e9s \u00e9rv\u00e9nyes\u00edt\u00e9s\u00e9hez \u00e9sszer\u0171en sz\u00fcks\u00e9ges,<\/li>\n\n\n\n<li>a technikai napl\u00f3kat \u00e9s a biztons\u00e1ghoz kapcsol\u00f3d\u00f3 adatokat a rendszer integrit\u00e1s\u00e1nak biztos\u00edt\u00e1s\u00e1hoz \u00e9s az esetleges incidensek kivizsg\u00e1l\u00e1s\u00e1hoz sz\u00fcks\u00e9ges korl\u00e1tozott ideig \u0151rizhetj\u00fck meg.<\/li>\n<\/ul>\n\n<p>A meg\u0151rz\u00e9si id\u0151 lej\u00e1rt\u00e1t k\u00f6vet\u0151en az adatokat t\u00f6r\u00f6lj\u00fck, anonimiz\u00e1ljuk vagy m\u00e1s m\u00f3don biztons\u00e1gosan megsz\u00fcntetj\u00fck, kiv\u00e9ve, ha tov\u00e1bbi meg\u0151rz\u00e9st jogszab\u00e1ly \u00edr el\u0151.<\/p>\n\n<h2 class=\"wp-block-heading\" id=\"11-data-subject-rights\">11. Az \u00e9rintettek jogai<\/h2>\n\n<p>Az alkalmazand\u00f3 jogszab\u00e1lyokt\u00f3l f\u00fcgg\u0151en a felhaszn\u00e1l\u00f3t az al\u00e1bbi jogok illethetik meg:<\/p>\n\n<ul class=\"wp-block-list\">\n<li>t\u00e1j\u00e9koztat\u00e1st k\u00e9rhet szem\u00e9lyes adatai kezel\u00e9s\u00e9r\u0151l \u00e9s hozz\u00e1f\u00e9r\u00e9st k\u00e9rhet azokhoz,<\/li>\n\n\n\n<li>k\u00e9rheti a pontatlan adatok helyesb\u00edt\u00e9s\u00e9t,<\/li>\n\n\n\n<li>k\u00e9rheti szem\u00e9lyes adatainak t\u00f6rl\u00e9s\u00e9t,<\/li>\n\n\n\n<li>k\u00e9rheti az adatkezel\u00e9s korl\u00e1toz\u00e1s\u00e1t,<\/li>\n\n\n\n<li>tiltakozhat bizonyos adatkezel\u00e9si tev\u00e9kenys\u00e9gekkel szemben,<\/li>\n\n\n\n<li>k\u00e9rheti az adathordozhat\u00f3s\u00e1got, ahol ennek jogi felt\u00e9telei fenn\u00e1llnak,<\/li>\n\n\n\n<li>b\u00e1rmikor visszavonhatja hozz\u00e1j\u00e1rul\u00e1s\u00e1t, ha az adatkezel\u00e9s hozz\u00e1j\u00e1rul\u00e1son alapul,<\/li>\n\n\n\n<li>panaszt ny\u00fajthat be az illet\u00e9kes fel\u00fcgyeleti hat\u00f3s\u00e1ghoz.<\/li>\n<\/ul>\n\n<p>A szem\u00e9lyes adatok kezel\u00e9s\u00e9vel kapcsolatos k\u00e9relmek a k\u00f6vetkez\u0151 e-mail c\u00edmre k\u00fcldhet\u0151k: <strong>info@shopzeus.com<\/strong>.<\/p>\n\n<h2 class=\"wp-block-heading\" id=\"12-data-security\">12. Adatbiztons\u00e1g<\/h2>\n\n<p>A szem\u00e9lyes adatok v\u00e9delme \u00e9rdek\u00e9ben \u00e9sszer\u0171 technikai \u00e9s szervez\u00e9si int\u00e9zked\u00e9seket alkalmazunk annak megakad\u00e1lyoz\u00e1s\u00e1ra, hogy azokhoz illet\u00e9ktelenek hozz\u00e1f\u00e9rjenek, illetve hogy azok elveszjenek, megsemmis\u00fcljenek, jogellenesen m\u00f3dosuljanak vagy nyilv\u00e1noss\u00e1gra ker\u00fcljenek. Ugyanakkor az interneten kereszt\u00fcl m\u0171k\u00f6d\u0151 rendszerek teljes biztons\u00e1ga minden k\u00f6r\u00fclm\u00e9nyek k\u00f6z\u00f6tt nem garant\u00e1lhat\u00f3. <\/p>\n\n<h2 class=\"wp-block-heading\" id=\"13-third-party-content-and-links\">13. Harmadik f\u00e9lt\u0151l sz\u00e1rmaz\u00f3 tartalmak \u00e9s linkek<\/h2>\n\n<p>A Weboldal tartalmazhat harmadik f\u00e9l weboldalaira mutat\u00f3 linkeket, k\u00fcls\u0151 id\u0151pontfoglal\u00f3 eszk\u00f6z\u00f6ket, be\u00e1gyazott tartalmakat vagy k\u00f6z\u00f6ss\u00e9gi m\u00e9dia elemeket. Az ilyen harmadik f\u00e9l szolg\u00e1ltat\u00e1sok saj\u00e1t adatkezel\u00e9si szab\u00e1lyaik szerint m\u0171k\u00f6dnek, \u00e9s a Weboldal \u00fczemeltet\u0151je ezek adatkezel\u00e9si gyakorlat\u00e1\u00e9rt nem v\u00e1llal felel\u0151ss\u00e9get. <\/p>\n\n<p>A felhaszn\u00e1l\u00f3knak javasolt ezen harmadik felek adatkezel\u00e9si t\u00e1j\u00e9koztat\u00f3it is \u00e1ttekinteni, miel\u0151tt az adott szolg\u00e1ltat\u00e1sokat haszn\u00e1lj\u00e1k.<\/p>\n\n<h2 class=\"wp-block-heading\" id=\"14-changes-to-this-privacy-policy\">14. Jelen t\u00e1j\u00e9koztat\u00f3 m\u00f3dos\u00edt\u00e1sa<\/h2>\n\n<p>A Weboldal \u00fczemeltet\u0151je jogosult a jelen Adatkezel\u00e9si t\u00e1j\u00e9koztat\u00f3t id\u0151r\u0151l id\u0151re m\u00f3dos\u00edtani. Az aktu\u00e1lis v\u00e1ltozat minden esetben a Weboldalon ker\u00fcl k\u00f6zz\u00e9t\u00e9telre. A m\u00f3dos\u00edt\u00e1sok a k\u00f6zz\u00e9t\u00e9tellel l\u00e9pnek hat\u00e1lyba, kiv\u00e9ve, ha jogszab\u00e1ly ett\u0151l elt\u00e9r\u0151en rendelkezik.  <\/p>\n\n<h2 class=\"wp-block-heading\" id=\"15-contact\">15. Kapcsolat<\/h2>\n\n<p>Ha jelen Adatkezel\u00e9si t\u00e1j\u00e9koztat\u00f3val vagy a szem\u00e9lyes adatok kezel\u00e9s\u00e9vel kapcsolatban k\u00e9rd\u00e9se mer\u00fcl fel, az al\u00e1bbi el\u00e9rhet\u0151s\u00e9geken l\u00e9phet kapcsolatba vel\u00fcnk:<\/p>\n\n<p><strong>Shopzeus Eur\u00f3pa Kft.<\/strong><br\/>Sz\u00e9khely: 3397 Makl\u00e1r, Vas\u00fat utca 37., Hungary<br\/>E-mail: <strong>info@shopzeus.hu<\/strong><br\/>Telefon: <strong>+36 70 942 3174<\/strong><\/p>\n\n<p><\/p>\n","protected":false},"excerpt":{"rendered":"<p>1. Kik vagyunk Jelen Adatkezel\u00e9si t\u00e1j\u00e9koztat\u00f3 bemutatja, hogy a veltiara.hu weboldal \u00e9s az ahhoz kapcsol\u00f3d\u00f3 online szolg\u00e1ltat\u00e1sok (a tov\u00e1bbiakban egy\u00fctt: \u201eWeboldal\u201d vagy \u201eWeb\u00e1ruh\u00e1z\u201d) haszn\u00e1lata sor\u00e1n milyen szem\u00e9lyes adatokat gy\u0171jt\u00fcnk, hogyan haszn\u00e1ljuk, t\u00e1roljuk \u00e9s v\u00e9dj\u00fck azokat. Adatkezel\u0151 \/ a weboldal \u00fczemeltet\u0151je:Shopzeus Eur\u00f3pa Sz\u00e1m\u00edt\u00e1stechnikai Szolg\u00e1ltat\u00f3 \u00e9s Kereskedelmi Korl\u00e1tolt Felel\u0151ss\u00e9g\u0171 T\u00e1rsas\u00e1gR\u00f6vid n\u00e9v: Shopzeus Eur\u00f3pa Kft.Sz\u00e9khely: 3397 Makl\u00e1r, Vas\u00fat&#8230;<\/p>\n","protected":false},"author":1,"featured_media":0,"parent":0,"menu_order":0,"comment_status":"closed","ping_status":"closed","template":"","meta":{"_kad_post_transparent":"","_kad_post_title":"","_kad_post_layout":"","_kad_post_sidebar_id":"","_kad_post_content_style":"","_kad_post_vertical_padding":"","_kad_post_feature":"","_kad_post_feature_position":"","_kad_post_header":false,"_kad_post_footer":false,"_kad_post_classname":"","footnotes":""},"class_list":["post-2180","page","type-page","status-publish","hentry"],"_links":{"self":[{"href":"https:\/\/veltiara.com\/hu\/wp-json\/wp\/v2\/pages\/2180","targetHints":{"allow":["GET"]}}],"collection":[{"href":"https:\/\/veltiara.com\/hu\/wp-json\/wp\/v2\/pages"}],"about":[{"href":"https:\/\/veltiara.com\/hu\/wp-json\/wp\/v2\/types\/page"}],"author":[{"embeddable":true,"href":"https:\/\/veltiara.com\/hu\/wp-json\/wp\/v2\/users\/1"}],"replies":[{"embeddable":true,"href":"https:\/\/veltiara.com\/hu\/wp-json\/wp\/v2\/comments?post=2180"}],"version-history":[{"count":9,"href":"https:\/\/veltiara.com\/hu\/wp-json\/wp\/v2\/pages\/2180\/revisions"}],"predecessor-version":[{"id":2226,"href":"https:\/\/veltiara.com\/hu\/wp-json\/wp\/v2\/pages\/2180\/revisions\/2226"}],"wp:attachment":[{"href":"https:\/\/veltiara.com\/hu\/wp-json\/wp\/v2\/media?parent=2180"}],"curies":[{"name":"wp","href":"https:\/\/api.w.org\/{rel}","templated":true}]}}